{"id":4875,"date":"2026-02-12T10:41:56","date_gmt":"2026-02-12T09:41:56","guid":{"rendered":"https:\/\/xiaomoxuan.cz\/?page_id=4875"},"modified":"2026-03-01T20:00:39","modified_gmt":"2026-03-01T19:00:39","slug":"bezsulfatove-sampony","status":"publish","type":"page","link":"https:\/\/xiaomoxuan.cz\/pl\/bezsulfatove-sampony\/","title":{"rendered":"\u0160ampon Bez Sulf\u00e1t\u016f"},"content":{"rendered":"<p class=\"qtranxs-available-languages-message qtranxs-available-languages-message-pl\">Przepraszamy, ten wpis jest dost\u0119pny tylko w j\u0119zyku <a href=\"https:\/\/xiaomoxuan.cz\/cs\/wp-json\/wp\/v2\/pages\/4875\" class=\"qtranxs-available-language-link qtranxs-available-language-link-cs\" title=\"Cz\">Cz<\/a>.<\/p>","protected":false},"excerpt":{"rendered":"<p>Przepraszamy, ten wpis jest dost\u0119pny tylko w j\u0119zyku Cz.<\/p>\n","protected":false},"author":2,"featured_media":4977,"parent":0,"menu_order":0,"comment_status":"closed","ping_status":"closed","template":"","meta":{"_acf_changed":false,"inline_featured_image":false,"footnotes":""},"class_list":["post-4875","page","type-page","status-publish","has-post-thumbnail","hentry"],"acf":[],"_links":{"self":[{"href":"https:\/\/xiaomoxuan.cz\/pl\/wp-json\/wp\/v2\/pages\/4875","targetHints":{"allow":["GET"]}}],"collection":[{"href":"https:\/\/xiaomoxuan.cz\/pl\/wp-json\/wp\/v2\/pages"}],"about":[{"href":"https:\/\/xiaomoxuan.cz\/pl\/wp-json\/wp\/v2\/types\/page"}],"author":[{"embeddable":true,"href":"https:\/\/xiaomoxuan.cz\/pl\/wp-json\/wp\/v2\/users\/2"}],"replies":[{"embeddable":true,"href":"https:\/\/xiaomoxuan.cz\/pl\/wp-json\/wp\/v2\/comments?post=4875"}],"version-history":[{"count":17,"href":"https:\/\/xiaomoxuan.cz\/pl\/wp-json\/wp\/v2\/pages\/4875\/revisions"}],"predecessor-version":[{"id":6084,"href":"https:\/\/xiaomoxuan.cz\/pl\/wp-json\/wp\/v2\/pages\/4875\/revisions\/6084"}],"wp:featuredmedia":[{"embeddable":true,"href":"https:\/\/xiaomoxuan.cz\/pl\/wp-json\/wp\/v2\/media\/4977"}],"wp:attachment":[{"href":"https:\/\/xiaomoxuan.cz\/pl\/wp-json\/wp\/v2\/media?parent=4875"}],"curies":[{"name":"wp","href":"https:\/\/api.w.org\/{rel}","templated":true}]}}