{"id":47,"date":"2024-08-11T11:27:18","date_gmt":"2024-08-11T09:27:18","guid":{"rendered":"https:\/\/xiaomoxuan.cz\/?page_id=47"},"modified":"2025-10-05T17:47:12","modified_gmt":"2025-10-05T15:47:12","slug":"o-nas","status":"publish","type":"page","link":"https:\/\/xiaomoxuan.cz\/pl\/o-nas\/","title":{"rendered":"O nas"},"content":{"rendered":"<p>&nbsp;<\/p>\n<h2>Oryginalna kosmetyka Xiaomoxuan \u2013 oficjalny przedstawiciel w Europie<\/h2>\n<p>Jeste\u015bmy <strong>oficjalnym importerem Xiaomoxuan w UE<\/strong> i z dum\u0105 prezentujemy <strong>oficjalny sklep internetowy Xiaomoxuan w Europie<\/strong> (<strong><a href=\"\/pl\/sklep\/\" target=\"_blank\" rel=\"noopener\">zobacz katalog<\/a><\/strong>). Nasz\u0105 misj\u0105 jest zapewnienie Wam najlepszych produkt\u00f3w do piel\u0119gnacji w\u0142os\u00f3w, oferuj\u0105c dost\u0119p do wysokiej jako\u015bci kosmetyk\u00f3w znanej marki, kt\u00f3ra zyska\u0142a popularno\u015b\u0107 w\u015br\u00f3d profesjonalist\u00f3w i u\u017cytkownik\u00f3w domowych.<\/p>\n<p>&nbsp;<\/p>\n<h2>Oryginalne produkty Xiaomoxuan z gwarancj\u0105 jako\u015bci<\/h2>\n<p>Kupuj\u0105c <strong>szampon i mask\u0119 Xiaomoxuan<\/strong> (<strong><a href=\"\/pl\/sklep\/szampon\/\" target=\"_blank\" rel=\"noopener\">dowiedz si\u0119 wi\u0119cej<\/a><\/strong>), otrzymujesz <strong>ca\u0142kowicie oryginalny produkt z gwarancj\u0105 jako\u015bci<\/strong>. Wsp\u00f3\u0142pracujemy bezpo\u015brednio z producentami, co pozwala nam zagwarantowa\u0107 autentyczno\u015b\u0107 wszystkich produkt\u00f3w dost\u0119pnych na naszej stronie.<\/p>\n<p>&nbsp;<\/p>\n<h2>Zalety oryginalnej maski Xiaomoxuan<\/h2>\n<p><strong>Oryginalna maska Xiaomoxuan<\/strong> (<strong><a href=\"\/pl\/sklep\/maski\/\" target=\"_blank\" rel=\"noopener\">szczeg\u00f3\u0142y<\/a><\/strong>) to wysoce skuteczny \u015brodek, kt\u00f3ry zast\u0119puje kosztown\u0105 piel\u0119gnacj\u0119 salonow\u0105 i zapewnia <strong>g\u0142\u0119bok\u0105 regeneracj\u0119 w\u0142os\u00f3w<\/strong>. Nasza maska dzia\u0142a na poziomie molekularnym, regeneruj\u0105c uszkodzone w\u0142osy, nadaj\u0105c im <strong>lustrzany po\u0142ysk<\/strong> i elastyczno\u015b\u0107.<\/p>\n<p>Stosuj\u0105c <strong>mask\u0119 i szampon Xiaomoxuan<\/strong>, Twoje w\u0142osy b\u0119d\u0105 wygl\u0105da\u0107 zdrowo i l\u015bni\u0105co, a tak\u017ce zyskaj\u0105 potrzebn\u0105 elastyczno\u015b\u0107 i regeneracj\u0119 nawet po najpowa\u017cniejszych uszkodzeniach.<\/p>\n<p>&nbsp;<\/p>\n<h3>Kontakty do zapyta\u0144<\/h3>\n<h4>Czechy:<\/h4>\n<ul>\n<li><strong>Adres:<\/strong> Limuzsk\u00e1 2110\/8, 100 00, Praga 10 \u2013 Stra\u0161nice<\/li>\n<li><strong>Telefon:<\/strong> <a href=\"tel:+420607416929\" aria-label=\"Zadzwoni\u0107 do Czech\">+(420) 607 416 929<\/a><\/li>\n<li><strong>Email:<\/strong> <a href=\"mailto:xiaomoxuan.cz@gmail.com\" aria-label=\"Napisa\u0107 do Czech\">xiaomoxuan.cz@gmail.com<\/a><\/li>\n<li><strong>Strona:<\/strong> <a href=\"http:\/\/www.xiaomoxuan.cz\" target=\"_blank\" rel=\"noopener\">www.xiaomoxuan.cz<\/a><\/li>\n<\/ul>\n<p>&nbsp;<\/p>\n<h4>Polska:<\/h4>\n<ul>\n<li><strong>Telefon:<\/strong> <a href=\"tel:+48575357389\" aria-label=\"Zadzwoni\u0107 do Polski\">+(48) 575 357 389<\/a><\/li>\n<li><strong>Email:<\/strong> <a href=\"mailto:xiaomoxuan.polska@op.pl\" aria-label=\"Napisa\u0107 do Polski\">xiaomoxuan.polska@op.pl<\/a><\/li>\n<li><strong>Strona:<\/strong> <a href=\"http:\/\/www.xiaomoxuan.com.pl\" target=\"_blank\" rel=\"noopener\">www.xiaomoxuan.com.pl<\/a><\/li>\n<\/ul>\n<p>&nbsp;<\/p>\n<h2>Najcz\u0119\u015bciej zadawane pytania<\/h2>\n<details>\n<summary><strong>Dlaczego warto wybra\u0107 Xiaomoxuan?<\/strong><\/summary>\n<p>&nbsp;<\/p>\n<p>Xiaomoxuan oferuje oryginalne produkty do piel\u0119gnacji w\u0142os\u00f3w z gwarancj\u0105 jako\u015bci, kt\u00f3re zast\u0119puj\u0105 piel\u0119gnacj\u0119 salonow\u0105.<\/p>\n<\/details>\n<p>&nbsp;<\/p>\n<details>\n<summary><strong>Gdzie kupi\u0107 produkty Xiaomoxuan?<\/strong><\/summary>\n<p>&nbsp;<\/p>\n<p>Zapoznaj si\u0119 z naszym katalogiem w sekcji <strong><a href=\"\/pl\/sklep\/\" target=\"_blank\" rel=\"noopener\">Sklep<\/a><\/strong>.<\/p>\n<\/details>\n<p>&nbsp;<\/p>\n<p>Dowiedz si\u0119 wi\u0119cej o nas na <strong><a href=\"\/pl\/kontakt\/\" target=\"_blank\" rel=\"noopener\">stronie kontaktowej<\/a><\/strong> lub sprawd\u017a <strong><a href=\"\/pl\/category\/blog\/\" target=\"_blank\" rel=\"noopener\">przydatne porady<\/a><\/strong> na naszym blogu.<\/p>\n<p><\/body><\/p>\n<p><!-- ------------------------------------------------------------------- --><\/p>","protected":false},"excerpt":{"rendered":"<p>&nbsp; Oryginalna kosmetyka Xiaomoxuan \u2013 oficjalny przedstawiciel w Europie Jeste\u015bmy oficjalnym importerem Xiaomoxuan w UE i z dum\u0105 prezentujemy oficjalny&#8230;<\/p>\n","protected":false},"author":1,"featured_media":61,"parent":0,"menu_order":0,"comment_status":"closed","ping_status":"closed","template":"","meta":{"_acf_changed":false,"inline_featured_image":false,"footnotes":""},"class_list":["post-47","page","type-page","status-publish","has-post-thumbnail","hentry"],"acf":[],"_links":{"self":[{"href":"https:\/\/xiaomoxuan.cz\/pl\/wp-json\/wp\/v2\/pages\/47","targetHints":{"allow":["GET"]}}],"collection":[{"href":"https:\/\/xiaomoxuan.cz\/pl\/wp-json\/wp\/v2\/pages"}],"about":[{"href":"https:\/\/xiaomoxuan.cz\/pl\/wp-json\/wp\/v2\/types\/page"}],"author":[{"embeddable":true,"href":"https:\/\/xiaomoxuan.cz\/pl\/wp-json\/wp\/v2\/users\/1"}],"replies":[{"embeddable":true,"href":"https:\/\/xiaomoxuan.cz\/pl\/wp-json\/wp\/v2\/comments?post=47"}],"version-history":[{"count":0,"href":"https:\/\/xiaomoxuan.cz\/pl\/wp-json\/wp\/v2\/pages\/47\/revisions"}],"wp:featuredmedia":[{"embeddable":true,"href":"https:\/\/xiaomoxuan.cz\/pl\/wp-json\/wp\/v2\/media\/61"}],"wp:attachment":[{"href":"https:\/\/xiaomoxuan.cz\/pl\/wp-json\/wp\/v2\/media?parent=47"}],"curies":[{"name":"wp","href":"https:\/\/api.w.org\/{rel}","templated":true}]}}