{"id":3,"date":"2024-08-10T16:01:44","date_gmt":"2024-08-10T14:01:44","guid":{"rendered":"https:\/\/xiaomoxuan.cz\/?page_id=3"},"modified":"2024-12-24T02:00:40","modified_gmt":"2024-12-24T01:00:40","slug":"polityka-prywatnosci","status":"publish","type":"page","link":"https:\/\/xiaomoxuan.cz\/pl\/polityka-prywatnosci\/","title":{"rendered":"Polityka prywatno\u015bci"},"content":{"rendered":"<p><b>POLITYKA PRYWATNO\u015aCI STRONY <\/b><a href=\"http:\/\/www.xiaomoxuan.cz\"><b>WWW.XIAOMOXUAN.CZ<\/b><\/a><\/p>\n<p>Data publikacji: 22.11.2024<\/p>\n<p>Nazwa sp\u00f3\u0142ki: OSV\u010c Orda Kostiantyn z siedzib\u0105 pod adresem Limuzsk\u00e1 2110\/8, 100 00, Praga 10 &#8211; Strasnice, numer identyfikacyjny (I\u010cO): 22085718, zarejestrowana w Rejestrze Handlowym w Pradze, telefon: +420 607 416 929, +(48) 575 357 389.<\/p>\n<p>Korzystaj\u0105c z serwisu <a href=\"http:\/\/www.xiaomoxuan.cz\/\">www.xiaomoxuan.cz<\/a>, powierzaj\u0105 Pa\u0144stwo nam swoje dane osobowe oraz inne informacje o sobie. Prosimy o dok\u0142adne zapoznanie si\u0119 z niniejsz\u0105 Polityk\u0105 Prywatno\u015bci, aby zrozumie\u0107, jakie informacje zbieramy, w jakim celu oraz jak mo\u017cna zarz\u0105dza\u0107 swoimi danymi osobowym.<\/p>\n<p><b>Jakie informacje zbieramy:<\/b><br \/>\nZabezpieczaj\u0105c funkcjonowanie strony internetowej, zbieramy nast\u0119puj\u0105ce informacje o naszych u\u017cytkownikach:<\/p>\n<ul>\n<li aria-level=\"1\">imi\u0119 i nazwisko;<\/li>\n<li aria-level=\"1\">dane kontaktowe, tj. numer telefonu, adres e-mail, Skype, Telegram;<\/li>\n<li aria-level=\"1\">histori\u0119 wizyt, w tym opinie i rekomendacje u\u017cytkownika.<\/li>\n<\/ul>\n<p>W ka\u017cdym przypadku zbieramy i przetwarzamy tylko te informacje, kt\u00f3re s\u0105 krytycznie konieczne do funkcjonowania i udoskonalenia mo\u017cliwo\u015bci naszej strony internetowej.<\/p>\n<p><b>Jak wykorzystujemy zebrane dane i komu je przekazujemy:<\/b><br \/>\nWszystkie zebrane dane s\u0105 wykorzystywane wy\u0142\u0105cznie w celu zapewnienia niezawodnego dzia\u0142ania strony oraz spe\u0142niania oczekiwa\u0144 naszych klient\u00f3w. Dlatego przekazujemy cz\u0119\u015b\u0107 zebranych danych stronom trzecim \u2013 naszym podwykonawcom, np.:<\/p>\n<ul>\n<li aria-level=\"1\">us\u0142ugodawcom p\u0142atno\u015bci do realizacji transakcji;<\/li>\n<li aria-level=\"1\">zewn\u0119trznym dostawcom us\u0142ug do zapewnienia bezpiecze\u0144stwa strony internetowej i ochrony danych osobowych u\u017cytkownik\u00f3w; do opracowania nowych narz\u0119dzi i us\u0142ug strony; do identyfikacji i naprawy potencjalnych b\u0142\u0119d\u00f3w; do przeprowadzania bada\u0144 i analiz danych oraz system\u00f3w strony;<\/li>\n<li aria-level=\"1\">organom \u015bcigania w celu zapobiegania i zwalczania przest\u0119pstw, a tak\u017ce na wniosek w\u0142a\u015bciwych organ\u00f3w w zakresie ich kompetencji zgodnie z obowi\u0105zuj\u0105cym prawem.<\/li>\n<\/ul>\n<p>Przekazuj\u0105c dane naszym podwykonawcom, otrzymujemy od nich zapewnienia, \u017ce ich standardy przetwarzania danych nie s\u0105 ni\u017csze od tych, kt\u00f3rych u\u017cywamy.<\/p>\n<p>Wyra\u017caj\u0105 Pa\u0144stwo zgod\u0119 na nast\u0119puj\u0105ce rodzaje przetwarzania swoich danych osobowych:<\/p>\n<ul>\n<li aria-level=\"1\">zbieranie;<\/li>\n<li aria-level=\"1\">gromadzenie;<\/li>\n<li aria-level=\"1\">modyfikacj\u0119;<\/li>\n<li aria-level=\"1\">aktualizacj\u0119;<\/li>\n<li aria-level=\"1\">wykorzystanie;<\/li>\n<li aria-level=\"1\">przekazanie.<\/li>\n<\/ul>\n<p><b>PRAWA POSIADACZY DANYCH OSOBOWYCH<\/b><br \/>\nU\u017cytkownik, kt\u00f3ry przekaza\u0142 nam informacje o sobie, ma nast\u0119puj\u0105ce prawa:<\/p>\n<ul>\n<li aria-level=\"1\">Prawo dost\u0119pu. Maj\u0105 Pa\u0144stwo prawo za\u017c\u0105da\u0107 kopii swoich danych osobowych;<\/li>\n<li aria-level=\"1\">Prawo do informacji. Maj\u0105 Pa\u0144stwo prawo zna\u0107 cele przetwarzania swoich danych; okres przechowywania Pa\u0144stwa danych; informacje o organizacjach i osobach, kt\u00f3rym przekazujemy Pa\u0144stwa dane; informacje o tym, jak profilujemy uzyskane dane oraz informacje o tym, jak chronimy Pa\u0144stwa dane;<\/li>\n<li aria-level=\"1\">Prawo do sprostowania. Maj\u0105 Pa\u0144stwo prawo wymaga\u0107 korekty b\u0142\u0119d\u00f3w w swoich danych. Zaktualizowane dane powinny by\u0107 przez Pa\u0144stwa potwierdzone. Maj\u0105 Pa\u0144stwo r\u00f3wnie\u017c prawo zaproponowa\u0107 uzupe\u0142nienie informacji o sobie, je\u015bli s\u0105 one niekompletne;<\/li>\n<li aria-level=\"1\">Prawo do potwierdzenia przetwarzania danych. Maj\u0105 Pa\u0144stwo prawo wiedzie\u0107, czy Pa\u0144stwa dane s\u0105 przetwarzane, czy nie. Odpowied\u017a na takie pytanie jest udzielana w formie negatywnej lub twierdz\u0105cej z wskazaniem, jak przetwarzamy Pa\u0144stwa dane;<\/li>\n<li aria-level=\"1\">Prawo do usuni\u0119cia. Maj\u0105 Pa\u0144stwo prawo wymaga\u0107 usuni\u0119cia swoich danych.<\/li>\n<\/ul>\n<p>Na odpowiedzi na zapytania u\u017cytkownik\u00f3w staramy si\u0119 odpowiada\u0107 jak najszybciej, jednak w ka\u017cdym przypadku nie d\u0142u\u017cej ni\u017c 30 dni od momentu otrzymania zapytania.<\/p>\n<p>Uwaga! W przypadku ograniczenia lub wstrzymania przetwarzania Pa\u0144stwa danych nie b\u0119d\u0105 mogli Pa\u0144stwo korzysta\u0107 ze wszystkich mo\u017cliwo\u015bci strony.<\/p>\n<p><b>OBOWI\u0104ZKI ADMINISTRACJI STRONY INTERNETOWEJ<\/b><br \/>\nPracuj\u0105c z Pa\u0144stwa danymi, administracja zobowi\u0105zana jest do:<\/p>\n<ul>\n<li aria-level=\"1\">przetwarzania danych w spos\u00f3b przejrzysty, zgodnie z wymogami prawa i w celach okre\u015blonych w niniejszej Polityce Prywatno\u015bci;<\/li>\n<li aria-level=\"1\">informowania posiadaczy danych o przypadkach nielegalnego dost\u0119pu os\u00f3b trzecich do baz danych osobowych u\u017cytkownik\u00f3w strony nie p\u00f3\u017aniej ni\u017c 72 godziny od momentu wykrycia takiego faktu;<\/li>\n<li aria-level=\"1\">oceny i eliminacji ryzyk zwi\u0105zanych z metodami przetwarzania danych, kt\u00f3re mog\u0105 wp\u0142ywa\u0107 na u\u017cytkownika;<\/li>\n<li aria-level=\"1\">przechowywania szczeg\u00f3\u0142\u00f3w dotycz\u0105cych przetwarzania danych osobowych, a tak\u017ce informacji o wszelkich przekazaniach tych danych;<\/li>\n<li aria-level=\"1\">wsp\u00f3\u0142pracy tylko z takimi kontrahentami, kt\u00f3rzy maj\u0105 standardy przetwarzania danych nie ni\u017csze od standard\u00f3w okre\u015blonych w niniejszej Polityce.<\/li>\n<\/ul>\n<p><b>WYKORZYSTANIE PLIK\u00d3W COOKIE<\/b><br \/>\nNa naszej stronie internetowej u\u017cywane s\u0105 pliki cookie. Pliki cookie s\u0105 stosowane w celu uczynienia us\u0142ug strony bardziej wygodnymi dla u\u017cytkownik\u00f3w, w kt\u00f3rych to plikach cookie przechowywane s\u0105 nast\u0119puj\u0105ce dane:<\/p>\n<ul>\n<li aria-level=\"1\">ustawienia j\u0119zykowe;<\/li>\n<li aria-level=\"1\">identyfikator aktywnej sesji u\u017cytkownika.<\/li>\n<\/ul>\n<p>Pliki cookie s\u0105 tak\u017ce wykorzystywane do analizy zachowa\u0144 u\u017cytkownik\u00f3w. W tym celu mog\u0105 by\u0107 zbierane nast\u0119puj\u0105ce dane:<\/p>\n<ul>\n<li aria-level=\"1\">informacja o tym, czy u\u017cytkownik odwiedza\u0142 stron\u0119 wcze\u015bniej, czy jest to pierwsza wizyta;<\/li>\n<li aria-level=\"1\">u\u017cyte zapytania wyszukiwania;<\/li>\n<li aria-level=\"1\">dane techniczne, na przyk\u0142ad z przegl\u0105darki i system\u00f3w operacyjnych, lub informacje o tym, czy odwiedzaj\u0105cy u\u017cywa urz\u0105dze\u0144 mobilnych;<\/li>\n<li aria-level=\"1\">dane o korzystaniu ze strony internetowej, takie jak cz\u0119stotliwo\u015b\u0107 odwiedzin, ogl\u0105dane strony i czas sp\u0119dzony na stronie;<\/li>\n<li aria-level=\"1\">informacje o tym, z jakich funkcji strony korzysta\u0142 odwiedzaj\u0105cy.<\/li>\n<\/ul>\n<p>Uzyskane w ten spos\u00f3b dane u\u017cytkownik\u00f3w s\u0105 anonimizowane za pomoc\u0105 \u015brodk\u00f3w technicznych. W takich warunkach nie jest mo\u017cliwe ustalenie zwi\u0105zku mi\u0119dzy tymi danymi a konkretnymi u\u017cytkownikami, kt\u00f3rzy odwiedzili stron\u0119.<\/p>\n<p>Gdy u\u017cytkownik otwiera nasz\u0105 stron\u0119 internetow\u0105, baner informacyjny informuje o wykorzystaniu plik\u00f3w cookie z odniesieniem do niniejszej Polityki Prywatno\u015bci.<\/p>\n<p>Informacje zbierane za pomoc\u0105 technicznie niezb\u0119dnych plik\u00f3w cookie nie s\u0105 wykorzystywane do tworzenia profil\u00f3w u\u017cytkownik\u00f3w.<\/p>\n<p>Analityczne pliki cookie s\u0105 wykorzystywane do poprawy jako\u015bci strony internetowej oraz jej tre\u015bci. Dzi\u0119ki analitycznym plikom cookie mo\u017cemy dowiedzie\u0107 si\u0119, jak dzia\u0142a strona, a tym samym ci\u0105gle optymalizowa\u0107 nasze us\u0142ugi w interesie obecnych i potencjalnych klient\u00f3w.<\/p>\n<p>Firma umo\u017cliwia ocen\u0119 nabytych produkt\u00f3w Firmy (dalej \u201eOpinie Klient\u00f3w\u201d). Firma gwarantuje, \u017ce Opinie Klient\u00f3w pochodz\u0105 wy\u0142\u0105cznie od konsument\u00f3w, kt\u00f3rzy zakupili recenzowany produkt za po\u015brednictwem interfejsu internetowego, w siedzibie Firmy lub u jej partnera umownego. Opinie Klient\u00f3w s\u0105 wprowadzane przez Klienta do jego konta. Dla ka\u017cdego rodzaju nabytego towaru Klient mo\u017ce pozostawi\u0107 maksymalnie 1 Opini\u0119 Klienta na swoim koncie. Opinie klient\u00f3w s\u0105 publikowane przez Firm\u0119 w interfejsie internetowym.<\/p>\n<p><b>ZMIANA POLITYKI PRYWATNO\u015aCI<\/b><br \/>\nNiniejsza Polityka Prywatno\u015bci mo\u017ce by\u0107 od czasu do czasu aktualizowana. W takim przypadku opublikujemy now\u0105 Polityk\u0119 Prywatno\u015bci z dat\u0105 jej publikacji.<\/p>\n<p>Obowi\u0105zek regularnego sprawdzania aktualizacji Polityki Prywatno\u015bci spoczywa na u\u017cytkownikach.<\/p>\n<p>&nbsp;<\/p>","protected":false},"excerpt":{"rendered":"<p>POLITYKA PRYWATNO\u015aCI STRONY WWW.XIAOMOXUAN.CZ Data publikacji: 22.11.2024 Nazwa sp\u00f3\u0142ki: OSV\u010c Orda Kostiantyn z siedzib\u0105 pod adresem Limuzsk\u00e1 2110\/8, 100 00,&#8230;<\/p>\n","protected":false},"author":1,"featured_media":0,"parent":0,"menu_order":0,"comment_status":"closed","ping_status":"closed","template":"","meta":{"_acf_changed":false,"inline_featured_image":false,"footnotes":""},"class_list":["post-3","page","type-page","status-publish","hentry"],"acf":[],"_links":{"self":[{"href":"https:\/\/xiaomoxuan.cz\/pl\/wp-json\/wp\/v2\/pages\/3","targetHints":{"allow":["GET"]}}],"collection":[{"href":"https:\/\/xiaomoxuan.cz\/pl\/wp-json\/wp\/v2\/pages"}],"about":[{"href":"https:\/\/xiaomoxuan.cz\/pl\/wp-json\/wp\/v2\/types\/page"}],"author":[{"embeddable":true,"href":"https:\/\/xiaomoxuan.cz\/pl\/wp-json\/wp\/v2\/users\/1"}],"replies":[{"embeddable":true,"href":"https:\/\/xiaomoxuan.cz\/pl\/wp-json\/wp\/v2\/comments?post=3"}],"version-history":[{"count":0,"href":"https:\/\/xiaomoxuan.cz\/pl\/wp-json\/wp\/v2\/pages\/3\/revisions"}],"wp:attachment":[{"href":"https:\/\/xiaomoxuan.cz\/pl\/wp-json\/wp\/v2\/media?parent=3"}],"curies":[{"name":"wp","href":"https:\/\/api.w.org\/{rel}","templated":true}]}}