{"id":5053,"date":"2026-02-26T13:24:41","date_gmt":"2026-02-26T12:24:41","guid":{"rendered":"https:\/\/xiaomoxuan.cz\/?page_id=5053"},"modified":"2026-02-26T13:52:16","modified_gmt":"2026-02-26T12:52:16","slug":"kolagenowa-pielegnacja-wlosow","status":"publish","type":"page","link":"https:\/\/xiaomoxuan.cz\/en\/kolagenowa-pielegnacja-wlosow\/","title":{"rendered":"Piel\u0119gnacja w\u0142os\u00f3w z kolagenem Xiaomoxuan"},"content":{"rendered":"<p class=\"qtranxs-available-languages-message qtranxs-available-languages-message-en\">Sorry, this entry is only available in <a href=\"https:\/\/xiaomoxuan.cz\/pl\/wp-json\/wp\/v2\/pages\/5053\" class=\"qtranxs-available-language-link qtranxs-available-language-link-pl\" title=\"Pl\">Pl<\/a>.<\/p>","protected":false},"excerpt":{"rendered":"<p>Sorry, this entry is only available in Pl.<\/p>\n","protected":false},"author":2,"featured_media":5035,"parent":0,"menu_order":0,"comment_status":"closed","ping_status":"closed","template":"","meta":{"_acf_changed":false,"inline_featured_image":false,"footnotes":""},"class_list":["post-5053","page","type-page","status-publish","has-post-thumbnail","hentry"],"acf":[],"_links":{"self":[{"href":"https:\/\/xiaomoxuan.cz\/en\/wp-json\/wp\/v2\/pages\/5053","targetHints":{"allow":["GET"]}}],"collection":[{"href":"https:\/\/xiaomoxuan.cz\/en\/wp-json\/wp\/v2\/pages"}],"about":[{"href":"https:\/\/xiaomoxuan.cz\/en\/wp-json\/wp\/v2\/types\/page"}],"author":[{"embeddable":true,"href":"https:\/\/xiaomoxuan.cz\/en\/wp-json\/wp\/v2\/users\/2"}],"replies":[{"embeddable":true,"href":"https:\/\/xiaomoxuan.cz\/en\/wp-json\/wp\/v2\/comments?post=5053"}],"version-history":[{"count":23,"href":"https:\/\/xiaomoxuan.cz\/en\/wp-json\/wp\/v2\/pages\/5053\/revisions"}],"predecessor-version":[{"id":6014,"href":"https:\/\/xiaomoxuan.cz\/en\/wp-json\/wp\/v2\/pages\/5053\/revisions\/6014"}],"wp:featuredmedia":[{"embeddable":true,"href":"https:\/\/xiaomoxuan.cz\/en\/wp-json\/wp\/v2\/media\/5035"}],"wp:attachment":[{"href":"https:\/\/xiaomoxuan.cz\/en\/wp-json\/wp\/v2\/media?parent=5053"}],"curies":[{"name":"wp","href":"https:\/\/api.w.org\/{rel}","templated":true}]}}