{"id":3302,"date":"2025-11-07T13:53:34","date_gmt":"2025-11-07T12:53:34","guid":{"rendered":"https:\/\/xiaomoxuan.cz\/?page_id=3302"},"modified":"2025-12-13T12:45:16","modified_gmt":"2025-12-13T11:45:16","slug":"xiaomoxuan-cesko-oficialni-eshop","status":"publish","type":"page","link":"https:\/\/xiaomoxuan.cz\/en\/xiaomoxuan-cesko-oficialni-eshop\/","title":{"rendered":"Xiaomoxuan \u010cesko \u2013 V\u00e1\u0161 Ofici\u00e1ln\u00ed Eshop P\u0159\u00edrodn\u00ed P\u00e9\u010de o Vlasy"},"content":{"rendered":"<p class=\"qtranxs-available-languages-message qtranxs-available-languages-message-en\">Sorry, this entry is only available in <a href=\"https:\/\/xiaomoxuan.cz\/cs\/wp-json\/wp\/v2\/pages\/3302\" class=\"qtranxs-available-language-link qtranxs-available-language-link-cs\" title=\"Cz\">Cz<\/a> and <a href=\"https:\/\/xiaomoxuan.cz\/ua\/wp-json\/wp\/v2\/pages\/3302\" class=\"qtranxs-available-language-link qtranxs-available-language-link-ua\" title=\"Ua\">Ua<\/a>.<\/p>","protected":false},"excerpt":{"rendered":"<p>Sorry, this entry is only available in Cz and Ua.<\/p>\n","protected":false},"author":2,"featured_media":3404,"parent":0,"menu_order":0,"comment_status":"closed","ping_status":"closed","template":"","meta":{"_acf_changed":false,"inline_featured_image":false,"footnotes":""},"class_list":["post-3302","page","type-page","status-publish","has-post-thumbnail","hentry"],"acf":[],"_links":{"self":[{"href":"https:\/\/xiaomoxuan.cz\/en\/wp-json\/wp\/v2\/pages\/3302","targetHints":{"allow":["GET"]}}],"collection":[{"href":"https:\/\/xiaomoxuan.cz\/en\/wp-json\/wp\/v2\/pages"}],"about":[{"href":"https:\/\/xiaomoxuan.cz\/en\/wp-json\/wp\/v2\/types\/page"}],"author":[{"embeddable":true,"href":"https:\/\/xiaomoxuan.cz\/en\/wp-json\/wp\/v2\/users\/2"}],"replies":[{"embeddable":true,"href":"https:\/\/xiaomoxuan.cz\/en\/wp-json\/wp\/v2\/comments?post=3302"}],"version-history":[{"count":70,"href":"https:\/\/xiaomoxuan.cz\/en\/wp-json\/wp\/v2\/pages\/3302\/revisions"}],"predecessor-version":[{"id":4095,"href":"https:\/\/xiaomoxuan.cz\/en\/wp-json\/wp\/v2\/pages\/3302\/revisions\/4095"}],"wp:featuredmedia":[{"embeddable":true,"href":"https:\/\/xiaomoxuan.cz\/en\/wp-json\/wp\/v2\/media\/3404"}],"wp:attachment":[{"href":"https:\/\/xiaomoxuan.cz\/en\/wp-json\/wp\/v2\/media?parent=3302"}],"curies":[{"name":"wp","href":"https:\/\/api.w.org\/{rel}","templated":true}]}}